{"id":77,"date":"2024-04-01T18:48:24","date_gmt":"2024-04-01T16:48:24","guid":{"rendered":"https:\/\/pelmel-chalon.fr\/?page_id=77"},"modified":"2024-08-03T18:41:49","modified_gmt":"2024-08-03T16:41:49","slug":"articles","status":"publish","type":"page","link":"https:\/\/pelmel-chalon.fr\/index.php\/articles\/","title":{"rendered":"Articles"},"content":{"rendered":"<ul style=\"font-style:normal;font-weight:400;\" class=\"wp-block-latest-posts__list has-dates alignleft wp-block-latest-posts has-medium-font-size\"><li><a class=\"wp-block-latest-posts__post-title\" href=\"https:\/\/pelmel-chalon.fr\/index.php\/2026\/01\/11\/pelmel-fete-ses-30-ans\/\">PEL&rsquo;MEL f\u00eate ses 30 ans<\/a><time datetime=\"2026-01-11T17:09:52+01:00\" class=\"wp-block-latest-posts__post-date\">11 janvier 2026<\/time><\/li>\n<li><a class=\"wp-block-latest-posts__post-title\" href=\"https:\/\/pelmel-chalon.fr\/index.php\/2024\/06\/30\/2024_chambord\/\">Le ch\u00e2teau de CHAMBORD<\/a><time datetime=\"2024-06-30T15:07:30+02:00\" class=\"wp-block-latest-posts__post-date\">30 juin 2024<\/time><\/li>\n<li><a class=\"wp-block-latest-posts__post-title\" href=\"https:\/\/pelmel-chalon.fr\/index.php\/2023\/09\/26\/2023_lyon\/\">Lyon au confluent du Rh\u00f4ne et de la Sa\u00f4ne<\/a><time datetime=\"2023-09-26T18:55:00+02:00\" class=\"wp-block-latest-posts__post-date\">26 septembre 2023<\/time><\/li>\n<li><a class=\"wp-block-latest-posts__post-title\" href=\"https:\/\/pelmel-chalon.fr\/index.php\/2022\/11\/06\/2022_moulins\/\">Une journ\u00e9e au CNCS de Moulins<\/a><time datetime=\"2022-11-06T19:15:00+01:00\" class=\"wp-block-latest-posts__post-date\">6 novembre 2022<\/time><\/li>\n<li><a class=\"wp-block-latest-posts__post-title\" href=\"https:\/\/pelmel-chalon.fr\/index.php\/2021\/11\/27\/2021_atelier_ecriture\/\">L&rsquo;atelier d&rsquo;\u00e9criture de PEL&rsquo;MEL<\/a><time datetime=\"2021-11-27T16:11:10+01:00\" class=\"wp-block-latest-posts__post-date\">27 novembre 2021<\/time><\/li>\n<li><a class=\"wp-block-latest-posts__post-title\" href=\"https:\/\/pelmel-chalon.fr\/index.php\/2020\/09\/17\/2020_illettrisme\/\">L\u2019illettrisme sans tabou<\/a><time datetime=\"2020-09-17T16:27:23+02:00\" class=\"wp-block-latest-posts__post-date\">17 septembre 2020<\/time><\/li>\n<li><a class=\"wp-block-latest-posts__post-title\" href=\"https:\/\/pelmel-chalon.fr\/index.php\/2019\/05\/12\/2019_strasbourg\/\">STRASBOURG Capitale europ\u00e9enne<\/a><time datetime=\"2019-05-12T16:48:16+02:00\" class=\"wp-block-latest-posts__post-date\">12 mai 2019<\/time><\/li>\n<li><a class=\"wp-block-latest-posts__post-title\" href=\"https:\/\/pelmel-chalon.fr\/index.php\/2018\/10\/18\/2018_loyere\/\">Un apr\u00e8s-midi festif au Ch\u00e2teau de la Loy\u00e8re<\/a><time datetime=\"2018-10-18T18:07:59+02:00\" class=\"wp-block-latest-posts__post-date\">18 octobre 2018<\/time><\/li>\n<li><a class=\"wp-block-latest-posts__post-title\" href=\"https:\/\/pelmel-chalon.fr\/index.php\/2017\/11\/19\/2017_bibracte\/\">De Bibracte&#8230; \u00e0 Autun<\/a><time datetime=\"2017-11-19T18:24:38+01:00\" class=\"wp-block-latest-posts__post-date\">19 novembre 2017<\/time><\/li>\n<li><a class=\"wp-block-latest-posts__post-title\" href=\"https:\/\/pelmel-chalon.fr\/index.php\/2017\/05\/20\/2017_atelier_ecriture\/\">Atelier d&rsquo;\u00e9criture<\/a><time datetime=\"2017-05-20T18:39:31+02:00\" class=\"wp-block-latest-posts__post-date\">20 mai 2017<\/time><\/li>\n<li><a class=\"wp-block-latest-posts__post-title\" href=\"https:\/\/pelmel-chalon.fr\/index.php\/2016\/11\/16\/2016_germolles\/\">Le Ch\u00e2teau de Germolles (71)<\/a><time datetime=\"2016-11-16T19:03:22+01:00\" class=\"wp-block-latest-posts__post-date\">16 novembre 2016<\/time><\/li>\n<li><a class=\"wp-block-latest-posts__post-title\" href=\"https:\/\/pelmel-chalon.fr\/index.php\/2016\/10\/02\/2016_dijon\/\">Dijon Cit\u00e9 des Ducs de Bourgogne<\/a><time datetime=\"2016-10-02T19:22:51+02:00\" class=\"wp-block-latest-posts__post-date\">2 octobre 2016<\/time><\/li>\n<li><a class=\"wp-block-latest-posts__post-title\" href=\"https:\/\/pelmel-chalon.fr\/index.php\/2016\/06\/05\/2016_conservatoire\/\">PEL&rsquo;MEL d\u00e9couvre le Conservatoire<\/a><time datetime=\"2016-06-05T19:28:54+02:00\" class=\"wp-block-latest-posts__post-date\">5 juin 2016<\/time><\/li>\n<li><a class=\"wp-block-latest-posts__post-title\" href=\"https:\/\/pelmel-chalon.fr\/index.php\/2016\/01\/01\/2016_20ans\/\">PEL&rsquo;MEL f\u00eate ses 20 ans<\/a><time datetime=\"2016-01-01T19:32:48+01:00\" class=\"wp-block-latest-posts__post-date\">1 janvier 2016<\/time><\/li>\n<li><a class=\"wp-block-latest-posts__post-title\" href=\"https:\/\/pelmel-chalon.fr\/index.php\/2015\/06\/07\/2015_paris\/\">Une journ\u00e9e \u00e0 PARIS<\/a><time datetime=\"2015-06-07T19:37:40+02:00\" class=\"wp-block-latest-posts__post-date\">7 juin 2015<\/time><\/li>\n<\/ul>","protected":false},"excerpt":{"rendered":"","protected":false},"author":1,"featured_media":0,"parent":0,"menu_order":0,"comment_status":"closed","ping_status":"closed","template":"","meta":{"footnotes":""},"class_list":["post-77","page","type-page","status-publish","hentry"],"_links":{"self":[{"href":"https:\/\/pelmel-chalon.fr\/index.php\/wp-json\/wp\/v2\/pages\/77","targetHints":{"allow":["GET"]}}],"collection":[{"href":"https:\/\/pelmel-chalon.fr\/index.php\/wp-json\/wp\/v2\/pages"}],"about":[{"href":"https:\/\/pelmel-chalon.fr\/index.php\/wp-json\/wp\/v2\/types\/page"}],"author":[{"embeddable":true,"href":"https:\/\/pelmel-chalon.fr\/index.php\/wp-json\/wp\/v2\/users\/1"}],"replies":[{"embeddable":true,"href":"https:\/\/pelmel-chalon.fr\/index.php\/wp-json\/wp\/v2\/comments?post=77"}],"version-history":[{"count":6,"href":"https:\/\/pelmel-chalon.fr\/index.php\/wp-json\/wp\/v2\/pages\/77\/revisions"}],"predecessor-version":[{"id":386,"href":"https:\/\/pelmel-chalon.fr\/index.php\/wp-json\/wp\/v2\/pages\/77\/revisions\/386"}],"wp:attachment":[{"href":"https:\/\/pelmel-chalon.fr\/index.php\/wp-json\/wp\/v2\/media?parent=77"}],"curies":[{"name":"wp","href":"https:\/\/api.w.org\/{rel}","templated":true}]}}