{"id":64,"date":"2024-04-01T18:43:15","date_gmt":"2024-04-01T16:43:15","guid":{"rendered":"https:\/\/pelmel-chalon.fr\/?page_id=64"},"modified":"2026-01-15T09:12:06","modified_gmt":"2026-01-15T08:12:06","slug":"partenaires","status":"publish","type":"page","link":"https:\/\/pelmel-chalon.fr\/index.php\/partenaires\/","title":{"rendered":"Nos partenaires"},"content":{"rendered":"\n<p>Cette ann\u00e9e encore la <strong><a href=\"https:\/\/www.chalon.fr\/\" target=\"_blank\" rel=\"noreferrer noopener\">ville de Chalon-sur-Sa\u00f4ne<\/a><\/strong> nous renouvelle sa confiance en nous aidant financi\u00e8rement dans notre mission.<br>Dans le cadre du contrat de ville 2015 du Grand Chalon nous avons obtenu un soutien financier du CGET et du <strong><a href=\"https:\/\/www.legrandchalon.fr\/\" target=\"_blank\" rel=\"noreferrer noopener\">Grand Chalon<\/a>.<\/strong><br>Dans le cadre du dispositif \u00ab\u00a0Politique de la Ville\u00a0\u00bb 2016 du Minist\u00e8re de la Culture, nous avons obtenu un soutien financier de la <a href=\"https:\/\/www.culture.gouv.fr\/fr\/regions\/Drac-Bourgogne-Franche-Comte\" target=\"_blank\" rel=\"noreferrer noopener\"><strong>DRAC<\/strong> <strong>de Bourgogne Franche-Comt\u00e9<\/strong><\/a>.<br>Le <strong><a href=\"https:\/\/www.facebook.com\/LionsClubMercureyCoteChalonnaise\/\" target=\"_blank\" rel=\"noreferrer noopener\">Lions Club Mercurey C\u00f4te Chalonnaise<\/a><\/strong> soutient notre action.<br>La <strong><a href=\"https:\/\/www.fondation-vinci.com\/\" target=\"_blank\" rel=\"noreferrer noopener\">Fondation d\u2019entreprise VINCI pour la Cit\u00e9<\/a><\/strong> nous apporte son soutien financier et humain.<br>Nous avons obtenu en 2018 le prix acad\u00e9mique attribu\u00e9 par le <strong><a href=\"https:\/\/entreprise.maif.fr\/engagements\/education-prevention\/fonds-maif-pour-leducation\" target=\"_blank\" rel=\"noreferrer noopener\">Fonds MAIF pour l\u2019\u00e9ducation<\/a>.<\/strong><br>Le <strong><a href=\"https:\/\/www.facebook.com\/groups\/1597186594214612\/\" target=\"_blank\" rel=\"noreferrer noopener\">Rotary Club Chalon Saint-Vincent<\/a><\/strong> soutient notre action.<br>Le r\u00e9seau de professionnels <strong><a href=\"https:\/\/www.facebook.com\/chalonechangepartage\/\" target=\"_blank\" rel=\"noreferrer noopener\">CHALON \u00c9CHANGE PARTAGE<\/a><\/strong><br>Le <a href=\"https:\/\/www.saone-et-loire.gouv.fr\/layout\/set\/print\/Actions-de-l-Etat\/Jeunesse.-Engagement.-Sports\/Vie-associative\/Fonds-pour-le-Developpement-de-la-Vie-Associative-FDVA\" data-type=\"link\" data-id=\"https:\/\/www.saone-et-loire.gouv.fr\/layout\/set\/print\/Actions-de-l-Etat\/Jeunesse.-Engagement.-Sports\/Vie-associative\/Fonds-pour-le-Developpement-de-la-Vie-Associative-FDVA\"><strong>Fonds pour le D\u00e9veloppement de la Vie Associative<\/strong> <\/a>(FDVA)<br><br>Qu\u2019ils soient remerci\u00e9s de leur aide vitale pour notre association.<\/p>\n\n\n\n<p><\/p>\n\n\n\n<p><\/p>\n\n\n\n<p><\/p>\n\n\n\n<p><\/p>\n","protected":false},"excerpt":{"rendered":"<p>Cette ann\u00e9e encore la ville de Chalon-sur-Sa\u00f4ne nous renouvelle sa confiance en nous aidant financi\u00e8rement dans notre mission.Dans le cadre du contrat de ville 2015 du Grand Chalon nous avons obtenu un soutien financier du CGET et du Grand Chalon.Dans le cadre du dispositif \u00ab\u00a0Politique de la Ville\u00a0\u00bb 2016 du Minist\u00e8re de la Culture, nous &hellip; <a href=\"https:\/\/pelmel-chalon.fr\/index.php\/partenaires\/\" class=\"more-link\">Continuer la lecture<span class=\"screen-reader-text\"> de &laquo;&nbsp;Nos partenaires&nbsp;&raquo;<\/span><\/a><\/p>\n","protected":false},"author":1,"featured_media":0,"parent":0,"menu_order":0,"comment_status":"closed","ping_status":"closed","template":"","meta":{"footnotes":""},"class_list":["post-64","page","type-page","status-publish","hentry"],"_links":{"self":[{"href":"https:\/\/pelmel-chalon.fr\/index.php\/wp-json\/wp\/v2\/pages\/64","targetHints":{"allow":["GET"]}}],"collection":[{"href":"https:\/\/pelmel-chalon.fr\/index.php\/wp-json\/wp\/v2\/pages"}],"about":[{"href":"https:\/\/pelmel-chalon.fr\/index.php\/wp-json\/wp\/v2\/types\/page"}],"author":[{"embeddable":true,"href":"https:\/\/pelmel-chalon.fr\/index.php\/wp-json\/wp\/v2\/users\/1"}],"replies":[{"embeddable":true,"href":"https:\/\/pelmel-chalon.fr\/index.php\/wp-json\/wp\/v2\/comments?post=64"}],"version-history":[{"count":13,"href":"https:\/\/pelmel-chalon.fr\/index.php\/wp-json\/wp\/v2\/pages\/64\/revisions"}],"predecessor-version":[{"id":669,"href":"https:\/\/pelmel-chalon.fr\/index.php\/wp-json\/wp\/v2\/pages\/64\/revisions\/669"}],"wp:attachment":[{"href":"https:\/\/pelmel-chalon.fr\/index.php\/wp-json\/wp\/v2\/media?parent=64"}],"curies":[{"name":"wp","href":"https:\/\/api.w.org\/{rel}","templated":true}]}}